{"id":235,"date":"2025-06-16T16:24:18","date_gmt":"2025-06-16T14:24:18","guid":{"rendered":"http:\/\/yfygkss.cluster100.hosting.ovh.net\/?page_id=235"},"modified":"2025-07-15T17:27:50","modified_gmt":"2025-07-15T15:27:50","slug":"contact","status":"publish","type":"page","link":"https:\/\/www.compagnie-clarance.fr\/index.php\/contact\/","title":{"rendered":"Contact"},"content":{"rendered":"\t\t<div data-elementor-type=\"wp-page\" data-elementor-id=\"235\" class=\"elementor elementor-235\">\n\t\t\t\t<div class=\"elementor-element elementor-element-9e03360 e-flex e-con-boxed wpr-particle-no wpr-jarallax-no wpr-parallax-no wpr-sticky-section-no e-con e-parent\" data-id=\"9e03360\" data-element_type=\"container\" data-e-type=\"container\" data-settings=\"{&quot;background_background&quot;:&quot;classic&quot;}\">\n\t\t\t\t\t<div class=\"e-con-inner\">\n\t\t<div class=\"elementor-element elementor-element-6ca12e6 e-con-full e-flex wpr-particle-no wpr-jarallax-no wpr-parallax-no wpr-sticky-section-no e-con e-child\" data-id=\"6ca12e6\" data-element_type=\"container\" data-e-type=\"container\">\n\t\t\t\t<div class=\"elementor-element elementor-element-f42fe24 elementor-widget elementor-widget-heading\" data-id=\"f42fe24\" data-element_type=\"widget\" data-e-type=\"widget\" data-widget_type=\"heading.default\">\n\t\t\t\t<div class=\"elementor-widget-container\">\n\t\t\t\t\t<h2 class=\"elementor-heading-title elementor-size-default\">Contactez-nous <\/h2>\t\t\t\t<\/div>\n\t\t\t\t<\/div>\n\t\t\t\t<div class=\"elementor-element elementor-element-2404161 elementor-widget elementor-widget-text-editor\" data-id=\"2404161\" data-element_type=\"widget\" data-e-type=\"widget\" data-widget_type=\"text-editor.default\">\n\t\t\t\t<div class=\"elementor-widget-container\">\n\t\t\t\t\t\t\t\t\t<blockquote data-start=\"300\" data-end=\"407\"><p data-start=\"302\" data-end=\"407\">Une question, un projet, une envie de collaborer ? \u00c9cris-moi via ce formulaire, je te r\u00e9ponds rapidement.<\/p><\/blockquote><h3 data-start=\"409\" data-end=\"463\">\u00a0<\/h3>\t\t\t\t\t\t\t\t<\/div>\n\t\t\t\t<\/div>\n\t\t\t\t<div class=\"elementor-element elementor-element-c355dcf elementor-widget elementor-widget-image\" data-id=\"c355dcf\" data-element_type=\"widget\" data-e-type=\"widget\" data-widget_type=\"image.default\">\n\t\t\t\t<div class=\"elementor-widget-container\">\n\t\t\t\t\t\t\t\t\t\t\t\t\t\t\t<img fetchpriority=\"high\" decoding=\"async\" width=\"800\" height=\"533\" src=\"https:\/\/www.compagnie-clarance.fr\/wp-content\/uploads\/2025\/06\/chiffonniers-15.jpg\" class=\"attachment-large size-large wp-image-180\" alt=\"\" srcset=\"https:\/\/www.compagnie-clarance.fr\/wp-content\/uploads\/2025\/06\/chiffonniers-15.jpg 800w, https:\/\/www.compagnie-clarance.fr\/wp-content\/uploads\/2025\/06\/chiffonniers-15-300x200.jpg 300w, https:\/\/www.compagnie-clarance.fr\/wp-content\/uploads\/2025\/06\/chiffonniers-15-768x512.jpg 768w\" sizes=\"(max-width: 800px) 100vw, 800px\" \/>\t\t\t\t\t\t\t\t\t\t\t\t\t\t\t<\/div>\n\t\t\t\t<\/div>\n\t\t\t\t<\/div>\n\t\t<div class=\"elementor-element elementor-element-590b3bf e-con-full e-flex wpr-particle-no wpr-jarallax-no wpr-parallax-no wpr-sticky-section-no e-con e-child\" data-id=\"590b3bf\" data-element_type=\"container\" data-e-type=\"container\">\n\t\t\t\t<div class=\"elementor-element elementor-element-01c99c2 wpr-forms-align-left wpr-forms-submit-left elementor-widget elementor-widget-wpr-forms\" data-id=\"01c99c2\" data-element_type=\"widget\" data-e-type=\"widget\" data-widget_type=\"wpr-forms.default\">\n\t\t\t\t<div class=\"elementor-widget-container\">\n\t\t\t\t\t<div class=\"wpr-forms-container wpr-custom-chk-radio\"><div class=\"wpforms-container wpforms-container-full wpforms-render-modern\" id=\"wpforms-1064\"><form id=\"wpforms-form-1064\" class=\"wpforms-validate wpforms-form wpforms-ajax-form\" data-formid=\"1064\" method=\"post\" enctype=\"multipart\/form-data\" action=\"\/index.php\/wp-json\/wp\/v2\/pages\/235\" data-token=\"fe8ee4a8109f3ef500175bdc65d9d467\" data-token-time=\"1775861528\"><noscript class=\"wpforms-error-noscript\">Veuillez activer JavaScript dans votre navigateur pour remplir ce formulaire.<\/noscript><div id=\"wpforms-error-noscript\" style=\"display: none;\">Veuillez activer JavaScript dans votre navigateur pour remplir ce formulaire.<\/div><div class=\"wpforms-field-container\"><div id=\"wpforms-1064-field_1-container\" class=\"wpforms-field wpforms-field-name\" data-field-id=\"1\"><fieldset><legend class=\"wpforms-field-label\">Nom <span class=\"wpforms-required-label\" aria-hidden=\"true\">*<\/span><\/legend><div class=\"wpforms-field-row wpforms-field-medium\"><div class=\"wpforms-field-row-block wpforms-first wpforms-one-half\"><input type=\"text\" id=\"wpforms-1064-field_1\" class=\"wpforms-field-name-first wpforms-field-required\" name=\"wpforms[fields][1][first]\" aria-errormessage=\"wpforms-1064-field_1-error\" required><label for=\"wpforms-1064-field_1\" class=\"wpforms-field-sublabel after\">Pr\u00e9nom<\/label><\/div><div class=\"wpforms-field-row-block wpforms-one-half\"><input type=\"text\" id=\"wpforms-1064-field_1-last\" class=\"wpforms-field-name-last wpforms-field-required\" name=\"wpforms[fields][1][last]\" aria-errormessage=\"wpforms-1064-field_1-last-error\" required><label for=\"wpforms-1064-field_1-last\" class=\"wpforms-field-sublabel after\">Nom<\/label><\/div><\/div><\/fieldset><\/div><div id=\"wpforms-1064-field_2-container\" class=\"wpforms-field wpforms-field-email\" data-field-id=\"2\"><label class=\"wpforms-field-label\" for=\"wpforms-1064-field_2\">E-mail <span class=\"wpforms-required-label\" aria-hidden=\"true\">*<\/span><\/label><input type=\"email\" id=\"wpforms-1064-field_2\" class=\"wpforms-field-medium wpforms-field-required\" name=\"wpforms[fields][2]\" spellcheck=\"false\" aria-errormessage=\"wpforms-1064-field_2-error\" required><\/div>\t\t<div id=\"wpforms-1064-field_4-container\"\n\t\t\tclass=\"wpforms-field wpforms-field-text\"\n\t\t\tdata-field-type=\"text\"\n\t\t\tdata-field-id=\"4\"\n\t\t\t>\n\t\t\t<label class=\"wpforms-field-label\" for=\"wpforms-1064-field_4\" >donn\u00e9es de demande.<\/label>\n\t\t\t<input type=\"text\" id=\"wpforms-1064-field_4\" class=\"wpforms-field-medium\" name=\"wpforms[fields][4]\" >\n\t\t<\/div>\n\t\t<div id=\"wpforms-1064-field_3-container\" class=\"wpforms-field wpforms-field-textarea\" data-field-id=\"3\"><label class=\"wpforms-field-label\" for=\"wpforms-1064-field_3\">Commentaire ou message <span class=\"wpforms-required-label\" aria-hidden=\"true\">*<\/span><\/label><textarea id=\"wpforms-1064-field_3\" class=\"wpforms-field-medium wpforms-field-required\" name=\"wpforms[fields][3]\" aria-errormessage=\"wpforms-1064-field_3-error\" required><\/textarea><\/div><div id=\"wpforms-1064-field_6-container\" class=\"wpforms-field wpforms-field-checkbox\" data-field-id=\"6\"><fieldset><legend class=\"wpforms-field-label\">En soumettant ce formulaire, j\u2019accepte que mes donn\u00e9es soient utilis\u00e9es pour me recontacter dans le cadre de ma demande. J\u2019accepte \u00e9galement de recevoir la newsletter de la Compagnie Clarance. Je peux me d\u00e9sinscrire \u00e0 tout moment via le lien pr\u00e9sent dans chaque email. <span class=\"wpforms-required-label\" aria-hidden=\"true\">*<\/span><\/legend><ul id=\"wpforms-1064-field_6\" class=\"wpforms-field-required\"><li class=\"choice-1 depth-1\"><input type=\"checkbox\" id=\"wpforms-1064-field_6_1\" name=\"wpforms[fields][6][]\" value=\"J\u2019accepte que mes donn\u00e9es soient utilis\u00e9es pour \u00eatre recontact\u00e9(e).\" aria-errormessage=\"wpforms-1064-field_6_1-error\" required ><label class=\"wpforms-field-label-inline\" for=\"wpforms-1064-field_6_1\">J\u2019accepte que mes donn\u00e9es soient utilis\u00e9es pour \u00eatre recontact\u00e9(e).<\/label><\/li><li class=\"choice-2 depth-1\"><input type=\"checkbox\" id=\"wpforms-1064-field_6_2\" name=\"wpforms[fields][6][]\" value=\"Je souhaite recevoir la newsletter de Ccie Clarance.\" aria-errormessage=\"wpforms-1064-field_6_2-error\" required ><label class=\"wpforms-field-label-inline\" for=\"wpforms-1064-field_6_2\">Je souhaite recevoir la newsletter de Ccie Clarance.<\/label><\/li><\/ul><\/fieldset><\/div><script>\n\t\t\t\t( function() {\n\t\t\t\t\tconst style = document.createElement( 'style' );\n\t\t\t\t\tstyle.appendChild( document.createTextNode( '#wpforms-1064-field_4-container { position: absolute !important; overflow: hidden !important; display: inline !important; height: 1px !important; width: 1px !important; z-index: -1000 !important; padding: 0 !important; } #wpforms-1064-field_4-container input { visibility: hidden; } #wpforms-conversational-form-page #wpforms-1064-field_4-container label { counter-increment: none; }' ) );\n\t\t\t\t\tdocument.head.appendChild( style );\n\t\t\t\t\tdocument.currentScript?.remove();\n\t\t\t\t} )();\n\t\t\t<\/script><\/div><!-- .wpforms-field-container --><div class=\"wpforms-recaptcha-container wpforms-is-recaptcha wpforms-is-recaptcha-type-v3\" ><input type=\"hidden\" name=\"wpforms[recaptcha]\" value=\"\"><\/div><div class=\"wpforms-submit-container\" ><input type=\"hidden\" name=\"wpforms[id]\" value=\"1064\"><input type=\"hidden\" name=\"page_title\" value=\"\"><input type=\"hidden\" name=\"page_url\" value=\"https:\/\/www.compagnie-clarance.fr\/index.php\/wp-json\/wp\/v2\/pages\/235\"><input type=\"hidden\" name=\"url_referer\" value=\"\"><button type=\"submit\" name=\"wpforms[submit]\" id=\"wpforms-submit-1064\" class=\"wpforms-submit\" data-alt-text=\"Envoi...\" data-submit-text=\"Envoyer\" aria-live=\"assertive\" value=\"wpforms-submit\">Envoyer<\/button><img decoding=\"async\" src=\"https:\/\/www.compagnie-clarance.fr\/wp-content\/plugins\/wpforms-lite\/assets\/images\/submit-spin.svg\" class=\"wpforms-submit-spinner\" style=\"display: none;\" width=\"26\" height=\"26\" alt=\"Chargement en cours\"><\/div><\/form><\/div>  <!-- .wpforms-container --><\/div>\t\t\t\t<\/div>\n\t\t\t\t<\/div>\n\t\t\t\t<\/div>\n\t\t\t\t\t<\/div>\n\t\t\t\t<\/div>\n\t\t\t\t<\/div>\n\t\t","protected":false},"excerpt":{"rendered":"<p>Contactez-nous Une question, un projet, une envie de collaborer ? \u00c9cris-moi via ce formulaire, je te r\u00e9ponds rapidement. \u00a0 Veuillez activer JavaScript dans votre navigateur pour remplir ce formulaire.Veuillez activer JavaScript dans votre navigateur pour remplir ce formulaire. Nom * Pr\u00e9nomNom E-mail *Commentaire ou message En soumettant ce formulaire, j\u2019accepte que mes donn\u00e9es soient utilis\u00e9es pour me recontacter dans le cadre de ma demande. J\u2019accepte \u00e9galement de recevoir la newsletter de [Nom de ton entreprise]. Je peux me d\u00e9sinscrire \u00e0 tout moment via le lien pr\u00e9sent dans chaque email. J\u2019accepte que mes donn\u00e9es soient utilis\u00e9es pour \u00eatre recontact\u00e9(e). Je souhaite recevoir la newsletter de Ccie Clarance. Envoyer<\/p>\n","protected":false},"author":1,"featured_media":0,"parent":0,"menu_order":0,"comment_status":"closed","ping_status":"closed","template":"","meta":{"footnotes":""},"class_list":["post-235","page","type-page","status-publish","hentry"],"yoast_head":"<!-- This site is optimized with the Yoast SEO plugin v27.3 - https:\/\/yoast.com\/product\/yoast-seo-wordpress\/ -->\n<title>Contact - Compagnie Clarance<\/title>\n<meta name=\"robots\" content=\"index, follow, max-snippet:-1, max-image-preview:large, max-video-preview:-1\" \/>\n<link rel=\"canonical\" href=\"https:\/\/www.compagnie-clarance.fr\/index.php\/contact\/\" \/>\n<meta property=\"og:locale\" content=\"fr_FR\" \/>\n<meta property=\"og:type\" content=\"article\" \/>\n<meta property=\"og:title\" content=\"Contact - Compagnie Clarance\" \/>\n<meta property=\"og:description\" content=\"Contactez-nous Une question, un projet, une envie de collaborer ? \u00c9cris-moi via ce formulaire, je te r\u00e9ponds rapidement. \u00a0 Veuillez activer JavaScript dans votre navigateur pour remplir ce formulaire.Veuillez activer JavaScript dans votre navigateur pour remplir ce formulaire. Nom * Pr\u00e9nomNom E-mail *Commentaire ou message En soumettant ce formulaire, j\u2019accepte que mes donn\u00e9es soient utilis\u00e9es pour me recontacter dans le cadre de ma demande. J\u2019accepte \u00e9galement de recevoir la newsletter de [Nom de ton entreprise]. Je peux me d\u00e9sinscrire \u00e0 tout moment via le lien pr\u00e9sent dans chaque email. J\u2019accepte que mes donn\u00e9es soient utilis\u00e9es pour \u00eatre recontact\u00e9(e). Je souhaite recevoir la newsletter de Ccie Clarance. Envoyer\" \/>\n<meta property=\"og:url\" content=\"https:\/\/www.compagnie-clarance.fr\/index.php\/contact\/\" \/>\n<meta property=\"og:site_name\" content=\"Compagnie Clarance\" \/>\n<meta property=\"article:modified_time\" content=\"2025-07-15T15:27:50+00:00\" \/>\n<meta property=\"og:image\" content=\"http:\/\/yfygkss.cluster100.hosting.ovh.net\/wp-content\/uploads\/2025\/06\/chiffonniers-15.jpg\" \/>\n<meta name=\"twitter:card\" content=\"summary_large_image\" \/>\n<meta name=\"twitter:label1\" content=\"Dur\u00e9e de lecture estim\u00e9e\" \/>\n\t<meta name=\"twitter:data1\" content=\"1 minute\" \/>\n<script type=\"application\/ld+json\" class=\"yoast-schema-graph\">{\"@context\":\"https:\\\/\\\/schema.org\",\"@graph\":[{\"@type\":\"WebPage\",\"@id\":\"https:\\\/\\\/www.compagnie-clarance.fr\\\/index.php\\\/contact\\\/\",\"url\":\"https:\\\/\\\/www.compagnie-clarance.fr\\\/index.php\\\/contact\\\/\",\"name\":\"Contact - Compagnie Clarance\",\"isPartOf\":{\"@id\":\"https:\\\/\\\/www.compagnie-clarance.fr\\\/#website\"},\"primaryImageOfPage\":{\"@id\":\"https:\\\/\\\/www.compagnie-clarance.fr\\\/index.php\\\/contact\\\/#primaryimage\"},\"image\":{\"@id\":\"https:\\\/\\\/www.compagnie-clarance.fr\\\/index.php\\\/contact\\\/#primaryimage\"},\"thumbnailUrl\":\"http:\\\/\\\/yfygkss.cluster100.hosting.ovh.net\\\/wp-content\\\/uploads\\\/2025\\\/06\\\/chiffonniers-15.jpg\",\"datePublished\":\"2025-06-16T14:24:18+00:00\",\"dateModified\":\"2025-07-15T15:27:50+00:00\",\"breadcrumb\":{\"@id\":\"https:\\\/\\\/www.compagnie-clarance.fr\\\/index.php\\\/contact\\\/#breadcrumb\"},\"inLanguage\":\"fr-FR\",\"potentialAction\":[{\"@type\":\"ReadAction\",\"target\":[\"https:\\\/\\\/www.compagnie-clarance.fr\\\/index.php\\\/contact\\\/\"]}]},{\"@type\":\"ImageObject\",\"inLanguage\":\"fr-FR\",\"@id\":\"https:\\\/\\\/www.compagnie-clarance.fr\\\/index.php\\\/contact\\\/#primaryimage\",\"url\":\"http:\\\/\\\/yfygkss.cluster100.hosting.ovh.net\\\/wp-content\\\/uploads\\\/2025\\\/06\\\/chiffonniers-15.jpg\",\"contentUrl\":\"http:\\\/\\\/yfygkss.cluster100.hosting.ovh.net\\\/wp-content\\\/uploads\\\/2025\\\/06\\\/chiffonniers-15.jpg\"},{\"@type\":\"BreadcrumbList\",\"@id\":\"https:\\\/\\\/www.compagnie-clarance.fr\\\/index.php\\\/contact\\\/#breadcrumb\",\"itemListElement\":[{\"@type\":\"ListItem\",\"position\":1,\"name\":\"Accueil\",\"item\":\"https:\\\/\\\/www.compagnie-clarance.fr\\\/\"},{\"@type\":\"ListItem\",\"position\":2,\"name\":\"Contact\"}]},{\"@type\":\"WebSite\",\"@id\":\"https:\\\/\\\/www.compagnie-clarance.fr\\\/#website\",\"url\":\"https:\\\/\\\/www.compagnie-clarance.fr\\\/\",\"name\":\"Compagnie Clarance\",\"description\":\"Compagnie Clarance\",\"publisher\":{\"@id\":\"https:\\\/\\\/www.compagnie-clarance.fr\\\/#organization\"},\"potentialAction\":[{\"@type\":\"SearchAction\",\"target\":{\"@type\":\"EntryPoint\",\"urlTemplate\":\"https:\\\/\\\/www.compagnie-clarance.fr\\\/?s={search_term_string}\"},\"query-input\":{\"@type\":\"PropertyValueSpecification\",\"valueRequired\":true,\"valueName\":\"search_term_string\"}}],\"inLanguage\":\"fr-FR\"},{\"@type\":\"Organization\",\"@id\":\"https:\\\/\\\/www.compagnie-clarance.fr\\\/#organization\",\"name\":\"Compagnie Clarance\",\"url\":\"https:\\\/\\\/www.compagnie-clarance.fr\\\/\",\"logo\":{\"@type\":\"ImageObject\",\"inLanguage\":\"fr-FR\",\"@id\":\"https:\\\/\\\/www.compagnie-clarance.fr\\\/#\\\/schema\\\/logo\\\/image\\\/\",\"url\":\"https:\\\/\\\/www.compagnie-clarance.fr\\\/wp-content\\\/uploads\\\/2025\\\/06\\\/cropped-LogoColorTextBelow.jpg\",\"contentUrl\":\"https:\\\/\\\/www.compagnie-clarance.fr\\\/wp-content\\\/uploads\\\/2025\\\/06\\\/cropped-LogoColorTextBelow.jpg\",\"width\":400,\"height\":400,\"caption\":\"Compagnie Clarance\"},\"image\":{\"@id\":\"https:\\\/\\\/www.compagnie-clarance.fr\\\/#\\\/schema\\\/logo\\\/image\\\/\"}}]}<\/script>\n<!-- \/ Yoast SEO plugin. -->","yoast_head_json":{"title":"Contact - Compagnie Clarance","robots":{"index":"index","follow":"follow","max-snippet":"max-snippet:-1","max-image-preview":"max-image-preview:large","max-video-preview":"max-video-preview:-1"},"canonical":"https:\/\/www.compagnie-clarance.fr\/index.php\/contact\/","og_locale":"fr_FR","og_type":"article","og_title":"Contact - Compagnie Clarance","og_description":"Contactez-nous Une question, un projet, une envie de collaborer ? \u00c9cris-moi via ce formulaire, je te r\u00e9ponds rapidement. \u00a0 Veuillez activer JavaScript dans votre navigateur pour remplir ce formulaire.Veuillez activer JavaScript dans votre navigateur pour remplir ce formulaire. Nom * Pr\u00e9nomNom E-mail *Commentaire ou message En soumettant ce formulaire, j\u2019accepte que mes donn\u00e9es soient utilis\u00e9es pour me recontacter dans le cadre de ma demande. J\u2019accepte \u00e9galement de recevoir la newsletter de [Nom de ton entreprise]. Je peux me d\u00e9sinscrire \u00e0 tout moment via le lien pr\u00e9sent dans chaque email. J\u2019accepte que mes donn\u00e9es soient utilis\u00e9es pour \u00eatre recontact\u00e9(e). Je souhaite recevoir la newsletter de Ccie Clarance. Envoyer","og_url":"https:\/\/www.compagnie-clarance.fr\/index.php\/contact\/","og_site_name":"Compagnie Clarance","article_modified_time":"2025-07-15T15:27:50+00:00","og_image":[{"url":"http:\/\/yfygkss.cluster100.hosting.ovh.net\/wp-content\/uploads\/2025\/06\/chiffonniers-15.jpg","type":"","width":"","height":""}],"twitter_card":"summary_large_image","twitter_misc":{"Dur\u00e9e de lecture estim\u00e9e":"1 minute"},"schema":{"@context":"https:\/\/schema.org","@graph":[{"@type":"WebPage","@id":"https:\/\/www.compagnie-clarance.fr\/index.php\/contact\/","url":"https:\/\/www.compagnie-clarance.fr\/index.php\/contact\/","name":"Contact - Compagnie Clarance","isPartOf":{"@id":"https:\/\/www.compagnie-clarance.fr\/#website"},"primaryImageOfPage":{"@id":"https:\/\/www.compagnie-clarance.fr\/index.php\/contact\/#primaryimage"},"image":{"@id":"https:\/\/www.compagnie-clarance.fr\/index.php\/contact\/#primaryimage"},"thumbnailUrl":"http:\/\/yfygkss.cluster100.hosting.ovh.net\/wp-content\/uploads\/2025\/06\/chiffonniers-15.jpg","datePublished":"2025-06-16T14:24:18+00:00","dateModified":"2025-07-15T15:27:50+00:00","breadcrumb":{"@id":"https:\/\/www.compagnie-clarance.fr\/index.php\/contact\/#breadcrumb"},"inLanguage":"fr-FR","potentialAction":[{"@type":"ReadAction","target":["https:\/\/www.compagnie-clarance.fr\/index.php\/contact\/"]}]},{"@type":"ImageObject","inLanguage":"fr-FR","@id":"https:\/\/www.compagnie-clarance.fr\/index.php\/contact\/#primaryimage","url":"http:\/\/yfygkss.cluster100.hosting.ovh.net\/wp-content\/uploads\/2025\/06\/chiffonniers-15.jpg","contentUrl":"http:\/\/yfygkss.cluster100.hosting.ovh.net\/wp-content\/uploads\/2025\/06\/chiffonniers-15.jpg"},{"@type":"BreadcrumbList","@id":"https:\/\/www.compagnie-clarance.fr\/index.php\/contact\/#breadcrumb","itemListElement":[{"@type":"ListItem","position":1,"name":"Accueil","item":"https:\/\/www.compagnie-clarance.fr\/"},{"@type":"ListItem","position":2,"name":"Contact"}]},{"@type":"WebSite","@id":"https:\/\/www.compagnie-clarance.fr\/#website","url":"https:\/\/www.compagnie-clarance.fr\/","name":"Compagnie Clarance","description":"Compagnie Clarance","publisher":{"@id":"https:\/\/www.compagnie-clarance.fr\/#organization"},"potentialAction":[{"@type":"SearchAction","target":{"@type":"EntryPoint","urlTemplate":"https:\/\/www.compagnie-clarance.fr\/?s={search_term_string}"},"query-input":{"@type":"PropertyValueSpecification","valueRequired":true,"valueName":"search_term_string"}}],"inLanguage":"fr-FR"},{"@type":"Organization","@id":"https:\/\/www.compagnie-clarance.fr\/#organization","name":"Compagnie Clarance","url":"https:\/\/www.compagnie-clarance.fr\/","logo":{"@type":"ImageObject","inLanguage":"fr-FR","@id":"https:\/\/www.compagnie-clarance.fr\/#\/schema\/logo\/image\/","url":"https:\/\/www.compagnie-clarance.fr\/wp-content\/uploads\/2025\/06\/cropped-LogoColorTextBelow.jpg","contentUrl":"https:\/\/www.compagnie-clarance.fr\/wp-content\/uploads\/2025\/06\/cropped-LogoColorTextBelow.jpg","width":400,"height":400,"caption":"Compagnie Clarance"},"image":{"@id":"https:\/\/www.compagnie-clarance.fr\/#\/schema\/logo\/image\/"}}]}},"_links":{"self":[{"href":"https:\/\/www.compagnie-clarance.fr\/index.php\/wp-json\/wp\/v2\/pages\/235","targetHints":{"allow":["GET"]}}],"collection":[{"href":"https:\/\/www.compagnie-clarance.fr\/index.php\/wp-json\/wp\/v2\/pages"}],"about":[{"href":"https:\/\/www.compagnie-clarance.fr\/index.php\/wp-json\/wp\/v2\/types\/page"}],"author":[{"embeddable":true,"href":"https:\/\/www.compagnie-clarance.fr\/index.php\/wp-json\/wp\/v2\/users\/1"}],"replies":[{"embeddable":true,"href":"https:\/\/www.compagnie-clarance.fr\/index.php\/wp-json\/wp\/v2\/comments?post=235"}],"version-history":[{"count":10,"href":"https:\/\/www.compagnie-clarance.fr\/index.php\/wp-json\/wp\/v2\/pages\/235\/revisions"}],"predecessor-version":[{"id":1073,"href":"https:\/\/www.compagnie-clarance.fr\/index.php\/wp-json\/wp\/v2\/pages\/235\/revisions\/1073"}],"wp:attachment":[{"href":"https:\/\/www.compagnie-clarance.fr\/index.php\/wp-json\/wp\/v2\/media?parent=235"}],"curies":[{"name":"wp","href":"https:\/\/api.w.org\/{rel}","templated":true}]}}